{"id":111,"date":"2016-04-04T11:10:59","date_gmt":"2016-04-04T11:10:59","guid":{"rendered":"http:\/\/demo.tokomoo.com\/paradize\/travel\/?post_type=product&amp;p=111"},"modified":"2021-03-04T07:02:58","modified_gmt":"2021-03-04T07:02:58","slug":"cayo-de-agua-los-roques-venezuela","status":"publish","type":"product","link":"https:\/\/demo2.tokomoo.com\/paradize\/product\/cayo-de-agua-los-roques-venezuela\/","title":{"rendered":"Cayo de Agua, Los Roques, Venezuela"},"content":{"rendered":"<p>Cayo de Agua\u00a0es el nombre de una isla del este del mar Caribe que geogr\u00e1ficamente pertenece al Archipi\u00e9lago Los Roques y administrativamente est\u00e1 organizado como parte de la Dependencias Federales, Venezuela, adem\u00e1s de ser parte del Parque Nacional del mismo nombre y de la Autoridad \u00danica de A\u00e9rea de los Roques, el nombre de este cayo tiene su origen en el hecho de tener pozos de agua dulce dentro de \u00e9l.<\/p>\n<p><iframe loading=\"lazy\" width=\"768\" height=\"432\" src=\"https:\/\/www.youtube.com\/embed\/Bjvcfw1a8R8?feature=oembed\" frameborder=\"0\" allowfullscreen><\/iframe><\/p>\n<table style=\"margin: auto; height: 333px;\" border=\"0\" width=\"842\" cellspacing=\"2\" cellpadding=\"2\">\n<tbody>\n<tr style=\"border-color: #000000;\">\n<td>\n<h5>DEPARTURE\/RETURN LOCATION<\/h5>\n<\/td>\n<td>Venezuela Airport<\/td>\n<\/tr>\n<tr style=\"border-color: #000000;\">\n<td>\n<h5>DEPARTURE TIME<\/h5>\n<\/td>\n<td>Please arrive at least\u00a02 hours before the flight.<\/td>\n<\/tr>\n<tr style=\"border-color: #000000;\">\n<td>\n<h5>INCLUDED<\/h5>\n<\/td>\n<td><i class=\"fa fa-ticket\"><\/i> Airfare<br \/>\n<i class=\"fa fa-car\"><\/i> Accommodations<br \/>\n<i class=\"fa fa-bus\"><\/i> Local transportation<br \/>\n<i class=\"fa fa-book\"><\/i> Professional guide<\/td>\n<\/tr>\n<tr style=\"border-color: #000000;\">\n<td>\n<h5><b>NOT INCLUDED<\/b><\/h5>\n<\/td>\n<td><i class=\"fa fa-money\"><\/i> Entrance fees<br \/>\n<i class=\"fa fa-arrows-h\"><\/i> Guide\u00a0gratuity<\/td>\n<\/tr>\n<\/tbody>\n<\/table>\n<p><\/p>\n","protected":false},"excerpt":{"rendered":"<p>Cayo de Agua\u00a0es el nombre de una isla del este del mar Caribe que geogr\u00e1ficamente pertenece al Archipi\u00e9lago Los Roques<\/p>\n","protected":false},"featured_media":151,"comment_status":"open","ping_status":"closed","template":"","meta":[],"product_cat":[112],"product_tag":[49,50,56,57,59,60,63,68,70,73,74,75,78,79,82,86,87,89,90,93,95,100,101,102,104,106,107,108],"_links":{"self":[{"href":"https:\/\/demo2.tokomoo.com\/paradize\/wp-json\/wp\/v2\/product\/111"}],"collection":[{"href":"https:\/\/demo2.tokomoo.com\/paradize\/wp-json\/wp\/v2\/product"}],"about":[{"href":"https:\/\/demo2.tokomoo.com\/paradize\/wp-json\/wp\/v2\/types\/product"}],"replies":[{"embeddable":true,"href":"https:\/\/demo2.tokomoo.com\/paradize\/wp-json\/wp\/v2\/comments?post=111"}],"wp:featuredmedia":[{"embeddable":true,"href":"https:\/\/demo2.tokomoo.com\/paradize\/wp-json\/wp\/v2\/media\/151"}],"wp:attachment":[{"href":"https:\/\/demo2.tokomoo.com\/paradize\/wp-json\/wp\/v2\/media?parent=111"}],"wp:term":[{"taxonomy":"product_cat","embeddable":true,"href":"https:\/\/demo2.tokomoo.com\/paradize\/wp-json\/wp\/v2\/product_cat?post=111"},{"taxonomy":"product_tag","embeddable":true,"href":"https:\/\/demo2.tokomoo.com\/paradize\/wp-json\/wp\/v2\/product_tag?post=111"}],"curies":[{"name":"wp","href":"https:\/\/api.w.org\/{rel}","templated":true}]}}